{"id":1402,"date":"2021-10-05T18:16:33","date_gmt":"2021-10-05T18:16:33","guid":{"rendered":"https:\/\/alacharmshowgirls.com\/?page_id=1402"},"modified":"2021-11-17T15:06:21","modified_gmt":"2021-11-17T15:06:21","slug":"ausbildung","status":"publish","type":"page","link":"https:\/\/alacharmshowgirls.com\/de\/ausbildung\/","title":{"rendered":"Ausbildung"},"content":{"rendered":"<p>Die Kandidatin soll sich mindestens 1 Paar Tanzschuhe f\u00fcr Tabledance anschaffen und mindestens 2 Outfits f\u00fcr den Saal<\/p>\n<p>Die Kandidatin bekommt 2-3 Stunden Tanzunterricht w\u00f6chentlich unter der Leitung einer erfahrenen T\u00e4nzerin.<\/p>\n<p>Die Kandidatin kann sofort anfangen, zu arbeiten. Zu ihren Pflichten wird folgendes geh\u00f6ren<\/p>\n<ul>\n<li>Sie fungiert als Kellnerin und gibt dem Kunden das erste Getr\u00e4nk. Diese Erfahrung ist wichtig, um Kommunikation mit den G\u00e4sten und nat\u00fcrlich die Verkaufstechniken in Bezug auf Private Dance usw. zu \u00fcben<\/li>\n<li>Auf der B\u00fchne vor G\u00e4sten darf die Kandidatin erst tanzen, wenn ihre t\u00e4nzerischen Fertigkeiten gepr\u00fcft werden<\/li>\n<li>Die Kandidatin soll regelm\u00e4\u00dfig in der Dusch-show auftreten, um sich den G\u00e4sten zu zeigen und die eventuelle Angst vor der B\u00fchne zu \u00fcberwinden<\/li>\n<li>Die Kandidatin darf ab sofort Lady Drinks und Private Dance verkaufen, denn die erste Unterrichtstunde wird der Technik von Tabledance und Private Dance gewidmet<\/li>\n<li>Ab dem ersten Arbeitstag bekommt die T\u00e4nzerin 50\u20ac Fixlohn pro Nacht (zus\u00e4tzlich zu den Prozenten von Private Dance und Dollar$)<\/li>\n<\/ul>\n<p>Vorteile unserer Ausbildung:<\/p>\n<p>1. Sie erhalten eine gute Ausbildung als Striptease-T\u00e4nzerin mit einem h\u00f6heren Niveau der Unterhaltung beim Kunden.<br \/>\n2. F\u00fcr alle Teilnehmer, die nicht aus Hamburg kommen, bieten wir eine separate Wohnung f\u00fcr die Dauer der Ausbildung an.<br \/>\n3. Das Ergebnis der Ausbildung ist, dass Sie eine Menge Geld als professionelle T\u00e4nzerin in dieser Branche verdienen.<\/p>\n<p>F\u00fcr die Bewerbung ben\u00f6tigen wir\u00a0 folgenden Details | Dokumente:<br \/>\n1. Alter<br \/>\n2. Gr\u00f6\u00dfe und Gewicht<br \/>\n3. aktuelle Haarfarbe<br \/>\n4. Sprachkenntnisse<br \/>\n5. 2 Fotos (1 x Portr\u00e4t, 1 x Ganzk\u00f6rper ohne Photoshop bearbeiten)<br \/>\n6. Ihre Kontaktdaten: E-Mail, Telefon<\/p>\n<p>Tanzerfahrung ist zum Vorteil!<\/p>\n<p>Bewerbung senden Sie bitte mit dem Betreff \u201eAusbildung\u201c per E-Mail an: management@alacharmclub.com oder per WhatsApp:\u00a00049 176 311 87 322<\/p>\n","protected":false},"excerpt":{"rendered":"","protected":false},"author":1,"featured_media":0,"parent":0,"menu_order":0,"comment_status":"closed","ping_status":"closed","template":"","meta":[],"translation":{"provider":"WPGlobus","version":"2.8.2","language":"de","enabled_languages":["en","de"],"languages":{"en":{"title":true,"content":true,"excerpt":false},"de":{"title":true,"content":true,"excerpt":false}}},"_links":{"self":[{"href":"https:\/\/alacharmshowgirls.com\/de\/wp-json\/wp\/v2\/pages\/1402"}],"collection":[{"href":"https:\/\/alacharmshowgirls.com\/de\/wp-json\/wp\/v2\/pages"}],"about":[{"href":"https:\/\/alacharmshowgirls.com\/de\/wp-json\/wp\/v2\/types\/page"}],"author":[{"embeddable":true,"href":"https:\/\/alacharmshowgirls.com\/de\/wp-json\/wp\/v2\/users\/1"}],"replies":[{"embeddable":true,"href":"https:\/\/alacharmshowgirls.com\/de\/wp-json\/wp\/v2\/comments?post=1402"}],"version-history":[{"count":9,"href":"https:\/\/alacharmshowgirls.com\/de\/wp-json\/wp\/v2\/pages\/1402\/revisions"}],"predecessor-version":[{"id":1417,"href":"https:\/\/alacharmshowgirls.com\/de\/wp-json\/wp\/v2\/pages\/1402\/revisions\/1417"}],"wp:attachment":[{"href":"https:\/\/alacharmshowgirls.com\/de\/wp-json\/wp\/v2\/media?parent=1402"}],"curies":[{"name":"wp","href":"https:\/\/api.w.org\/{rel}","templated":true}]}}