{"id":1273,"date":"2019-12-30T14:54:29","date_gmt":"2019-12-30T14:54:29","guid":{"rendered":"https:\/\/alacharmshowgirls.com\/?page_id=1273"},"modified":"2021-09-20T19:18:27","modified_gmt":"2021-09-20T19:18:27","slug":"selbststaendige","status":"publish","type":"page","link":"https:\/\/alacharmshowgirls.com\/de\/selbststaendige\/","title":{"rendered":"SELBSTST\u00c4NDIGE"},"content":{"rendered":"<p>Die folgende Information ist f\u00fcr die in Deutschland als selbst\u00e4ndig arbeitenden T\u00e4nzerinnen gedacht. Da T\u00e4nzerinnen aus anderen EU-L\u00e4ndern mit einem Selbst\u00e4ndiger-Schein zus\u00e4tzliche begleitende Dokumente und Best\u00e4tigungen aus dem Residenz-land brauchen, reicht es nicht, nur den Selbst\u00e4ndiger-Schein vorzulegen. Eine selbstst\u00e4ndige T\u00e4nzerin muss ebenfalls \u00fcber die vereinbarten Bedingungen informiert werden und ihnen zustimmen. Dies wird als die Grundlage f\u00fcr die Vereinbarung und den Vertrag angesehen.<\/p>\n<p>Wenn die T\u00e4nzerin mit einem der Punkte der Vereinbarung nicht einverstanden ist, sollte sie die Zusammenarbeit nicht anfangen. Alle \u00c4nderungen und zus\u00e4tzliche Vereinbarungen k\u00f6nnen nur in der schriftlichen Form zum Beispiel per Email getroffen werden. Informationsaustausch geschieht nur per Email und eine versendete Email wird als mitgeteilte Information betrachtet. Eine Eingangsbest\u00e4tigung wird nicht ben\u00f6tigt.<\/p>\n<p style=\"text-align: center;\">DIE VEREINBARUNG<\/p>\n<ul>\n<li>Die T\u00e4nzerin kennt die Anforderungen und die Arbeitsgesetze in Deutschland. Bei Nichterf\u00fcllung tr\u00e4nt sie selbst\u00e4ndig die volle finanzielle und pers\u00f6nliche Verantwortung gegen\u00fcber den Beh\u00f6rden.<\/li>\n<li>Bis zum 15. jeden Monats muss Die T\u00e4nzerin eine E-Mail mit den m\u00f6glichen Arbeitstagen f\u00fcr den n\u00e4chsten Monat zuschicken und das Club Management muss sie best\u00e4tigen. Als best\u00e4tigt werden nur die vom Club-Management ausdr\u00fccklich best\u00e4tigten Arbeitstage betrachtet.<\/li>\n<li>Der Club zahlt f\u00fcr selbst\u00e4ndige T\u00e4nzerinnen 70\u20ac pro Nacht garantierten Lohn (das hei\u00dft 10\u20ac pro Stunde + MwSt). Am Ende des Monates stellt die T\u00e4nzerin dem Club die Rechnung und der Club verpflichtet sich, die verdiente summe auf die durch die T\u00e4nzerin angegebene Kontonummer zu \u00fcberweisen. Die Bezahlung erfolgt nur als \u00dcberweisung auf ein Konto.<\/li>\n<li>Nach Best\u00e4tigung des Arbeitsplans durch beide Parteien muss sich die T\u00e4nzerin an ihn halten. Im Krankheitsfall muss sie eine Krankenbescheinigung vom Arzt vorlegen. Sollte keine Krankenbescheinigung vorgelegt werden k\u00f6nnen oder beim Nichterscheinen aus anderen vom Club unabh\u00e4ngigen Gr\u00fcnden zahlt die T\u00e4nzerin einen Bu\u00dfgeldbetrag in H\u00f6he von 70 Euro f\u00fcr jeden vereinbarten Arbeitstag, an dem sie nicht erschienen ist.<\/li>\n<li>Die T\u00e4nzerin verpflichtet sich, die Regeln des Clubs genau zu studieren, ihnen zuzustimmen und sie einzuhalten.<\/li>\n<li>Die T\u00e4nzerin erkl\u00e4rt sich mit allen Vertragsbedingungen einverstanden. Als Best\u00e4tigung gilt die Absendung der Anfrage f\u00fcr die m\u00f6glichen Arbeitstage.<\/li>\n<\/ul>\n<p>Die folgenden Dokumente bzw. Informationen werden von einer als Selbstst\u00e4ndige arbeitenden T\u00e4nzerin verlangt:<\/p>\n<p>1. Reisepass oder Personalausweis in Kopie<br \/>\n2. Krankenversicherung in Kopie<br \/>\n3. St\u00e4ndige Adresse<br \/>\n4. E-mail f\u00fcr den Gesch\u00e4ftsbriefverkehr<br \/>\n5. Kontakttelefon<br \/>\n6. Gewerbeschein in Kopie<br \/>\n7. Steuernummer<\/p>\n<div role=\"form\" class=\"wpcf7\" id=\"wpcf7-f1276-o1\" lang=\"de-DE\" dir=\"ltr\">\n<div class=\"screen-reader-response\"><p role=\"status\" aria-live=\"polite\" aria-atomic=\"true\"><\/p> <ul><\/ul><\/div>\n<form action=\"\/de\/wp-json\/wp\/v2\/pages\/1273#wpcf7-f1276-o1\" method=\"post\" class=\"wpcf7-form init\" novalidate=\"novalidate\" data-status=\"init\">\n<div style=\"display: none;\">\n<input type=\"hidden\" name=\"_wpcf7\" value=\"1276\" \/>\n<input type=\"hidden\" name=\"_wpcf7_version\" value=\"5.4.2\" \/>\n<input type=\"hidden\" name=\"_wpcf7_locale\" value=\"de_DE\" \/>\n<input type=\"hidden\" name=\"_wpcf7_unit_tag\" value=\"wpcf7-f1276-o1\" \/>\n<input type=\"hidden\" name=\"_wpcf7_container_post\" value=\"0\" \/>\n<input type=\"hidden\" name=\"_wpcf7_posted_data_hash\" value=\"\" \/>\n<\/div>\n<p><label> Vorname*<br \/>\n    <span class=\"wpcf7-form-control-wrap your-name1\"><input type=\"text\" name=\"your-name1\" value=\"\" size=\"40\" class=\"wpcf7-form-control wpcf7-text wpcf7-validates-as-required\" aria-required=\"true\" aria-invalid=\"false\" \/><\/span> <\/label><\/p>\n<p><label> Name*<br \/>\n    <span class=\"wpcf7-form-control-wrap your-name2\"><input type=\"text\" name=\"your-name2\" value=\"\" size=\"40\" class=\"wpcf7-form-control wpcf7-text wpcf7-validates-as-required\" aria-required=\"true\" aria-invalid=\"false\" \/><\/span> <\/label><\/p>\n<p><label> Stage name*<br \/>\n    <span class=\"wpcf7-form-control-wrap your-name3\"><input type=\"text\" name=\"your-name3\" value=\"\" size=\"40\" class=\"wpcf7-form-control wpcf7-text wpcf7-validates-as-required\" aria-required=\"true\" aria-invalid=\"false\" \/><\/span> <\/label><\/p>\n<p><label> Staatsangeh\u00f6rigkeit*<br \/>\n    <span class=\"wpcf7-form-control-wrap your-name4\"><input type=\"text\" name=\"your-name4\" value=\"\" size=\"40\" class=\"wpcf7-form-control wpcf7-text wpcf7-validates-as-required\" aria-required=\"true\" aria-invalid=\"false\" \/><\/span> <\/label><\/p>\n<p><label> st\u00e4ndige Adresse*<br \/>\n    <span class=\"wpcf7-form-control-wrap your-name5\"><input type=\"text\" name=\"your-name5\" value=\"\" size=\"40\" class=\"wpcf7-form-control wpcf7-text wpcf7-validates-as-required\" aria-required=\"true\" aria-invalid=\"false\" \/><\/span> <\/label><\/p>\n<p><label> Steuernummer*<br \/>\n    <span class=\"wpcf7-form-control-wrap your-name6\"><input type=\"text\" name=\"your-name6\" value=\"\" size=\"40\" class=\"wpcf7-form-control wpcf7-text wpcf7-validates-as-required\" aria-required=\"true\" aria-invalid=\"false\" \/><\/span> <\/label><\/p>\n<p><label> Alter* (bitte Bewerbungen nur bis 30 Jahre alt)<br \/>\n    <span class=\"wpcf7-form-control-wrap number1\"><input type=\"number\" name=\"number1\" value=\"\" class=\"wpcf7-form-control wpcf7-number wpcf7-validates-as-required wpcf7-validates-as-number\" aria-required=\"true\" aria-invalid=\"false\" \/><\/span> <\/label><\/p>\n<p><label> Gr\u00f6\u00dfe*<br \/>\n    <span class=\"wpcf7-form-control-wrap number2\"><input type=\"number\" name=\"number2\" value=\"\" class=\"wpcf7-form-control wpcf7-number wpcf7-validates-as-required wpcf7-validates-as-number\" aria-required=\"true\" aria-invalid=\"false\" \/><\/span> <\/label><\/p>\n<p><label> Gewicht*<br \/>\n    <span class=\"wpcf7-form-control-wrap number3\"><input type=\"number\" name=\"number3\" value=\"\" class=\"wpcf7-form-control wpcf7-number wpcf7-validates-as-required wpcf7-validates-as-number\" aria-required=\"true\" aria-invalid=\"false\" \/><\/span> <\/label><\/p>\n<p><label> Arbeitserfahrung in Jahren*<br \/>\n    <span class=\"wpcf7-form-control-wrap number4\"><input type=\"number\" name=\"number4\" value=\"\" class=\"wpcf7-form-control wpcf7-number wpcf7-validates-as-required wpcf7-validates-as-number\" aria-required=\"true\" aria-invalid=\"false\" \/><\/span> <\/label><\/p>\n<p><label> Die letzten drei Clubs*<br \/>\n    <span class=\"wpcf7-form-control-wrap textarea\"><textarea name=\"textarea\" cols=\"40\" rows=\"10\" class=\"wpcf7-form-control wpcf7-textarea wpcf7-validates-as-required\" aria-required=\"true\" aria-invalid=\"false\"><\/textarea><\/span> <\/label><\/p>\n<p><label> Sprachkenntnisse Deutsch (gut\/mittel\/schlecht\/keine)*<br \/>\n    <span class=\"wpcf7-form-control-wrap your-name7\"><input type=\"text\" name=\"your-name7\" value=\"\" size=\"40\" class=\"wpcf7-form-control wpcf7-text wpcf7-validates-as-required\" aria-required=\"true\" aria-invalid=\"false\" \/><\/span> <\/label><\/p>\n<p><label> Sprachkenntnisse Englisch (gut\/mittel\/schlecht\/keine)*<br \/>\n    <span class=\"wpcf7-form-control-wrap your-name8\"><input type=\"text\" name=\"your-name8\" value=\"\" size=\"40\" class=\"wpcf7-form-control wpcf7-text wpcf7-validates-as-required\" aria-required=\"true\" aria-invalid=\"false\" \/><\/span> <\/label><\/p>\n<p><label> M\u00f6gliche Ankunft*<br \/>\n    <span class=\"wpcf7-form-control-wrap date1\"><input type=\"date\" name=\"date1\" value=\"\" class=\"wpcf7-form-control wpcf7-date wpcf7-validates-as-required wpcf7-validates-as-date\" aria-required=\"true\" aria-invalid=\"false\" \/><\/span> <\/label><\/p>\n<p><label> Gew\u00fcnschte Abreise*<br \/>\n    <span class=\"wpcf7-form-control-wrap date2\"><input type=\"date\" name=\"date2\" value=\"\" class=\"wpcf7-form-control wpcf7-date wpcf7-validates-as-required wpcf7-validates-as-date\" aria-required=\"true\" aria-invalid=\"false\" \/><\/span> <\/label><\/p>\n<p><label> E-Mail-Adresse*<br \/>\n    <span class=\"wpcf7-form-control-wrap your-email\"><input type=\"email\" name=\"your-email\" value=\"\" size=\"40\" class=\"wpcf7-form-control wpcf7-text wpcf7-email wpcf7-validates-as-required wpcf7-validates-as-email\" aria-required=\"true\" aria-invalid=\"false\" \/><\/span> <\/label><\/p>\n<p><label> Telefonnummer<br \/>\n    <span class=\"wpcf7-form-control-wrap Telefonnummer\"><input type=\"tel\" name=\"Telefonnummer\" value=\"\" size=\"40\" class=\"wpcf7-form-control wpcf7-text wpcf7-tel wpcf7-validates-as-tel\" aria-invalid=\"false\" \/><\/span> <\/label><\/p>\n<p><label> 2-3 aktuelle Fotos: nicht nackt, Bikini reicht, bitte ohne Photoshop und Effekte, in den richtigen Tanzschuhen*<br \/>\n<span class=\"wpcf7-form-control-wrap\" data-name=\"upload-file-743\"><input type=\"file\" size=\"40\" class=\"wpcf7-form-control wpcf7-drag-n-drop-file d-none\" aria-required=\"true\" aria-invalid=\"false\" multiple=\"multiple\" data-name=\"upload-file-743\" data-id=\"1276\" data-version=\"free version 1.3.9.7\" accept=\".\" \/><\/span>  <\/label><\/p>\n<p><label> Deine Nachricht an uns<br \/>\n    <span class=\"wpcf7-form-control-wrap your-message\"><textarea name=\"your-message\" cols=\"40\" rows=\"10\" class=\"wpcf7-form-control wpcf7-textarea\" aria-invalid=\"false\"><\/textarea><\/span> <\/label><\/p>\n<p><span class=\"wpcf7-form-control-wrap acceptance-471\"><span class=\"wpcf7-form-control wpcf7-acceptance\"><span class=\"wpcf7-list-item\"><label><input type=\"checkbox\" name=\"acceptance-471\" value=\"1\" aria-invalid=\"false\" \/><span class=\"wpcf7-list-item-label\">Mit den Regeln des Clubs bin ich einverstanden*<\/span><\/label><\/span><\/span><\/span><\/p>\n<p><input type=\"submit\" value=\"Senden\" class=\"wpcf7-form-control wpcf7-submit\" \/><\/p>\n<div class=\"wpcf7-response-output\" aria-hidden=\"true\"><\/div><\/form><\/div>\n","protected":false},"excerpt":{"rendered":"","protected":false},"author":1,"featured_media":0,"parent":0,"menu_order":0,"comment_status":"closed","ping_status":"closed","template":"","meta":[],"translation":{"provider":"WPGlobus","version":"2.8.2","language":"de","enabled_languages":["en","de"],"languages":{"en":{"title":true,"content":true,"excerpt":false},"de":{"title":true,"content":true,"excerpt":false}}},"_links":{"self":[{"href":"https:\/\/alacharmshowgirls.com\/de\/wp-json\/wp\/v2\/pages\/1273"}],"collection":[{"href":"https:\/\/alacharmshowgirls.com\/de\/wp-json\/wp\/v2\/pages"}],"about":[{"href":"https:\/\/alacharmshowgirls.com\/de\/wp-json\/wp\/v2\/types\/page"}],"author":[{"embeddable":true,"href":"https:\/\/alacharmshowgirls.com\/de\/wp-json\/wp\/v2\/users\/1"}],"replies":[{"embeddable":true,"href":"https:\/\/alacharmshowgirls.com\/de\/wp-json\/wp\/v2\/comments?post=1273"}],"version-history":[{"count":20,"href":"https:\/\/alacharmshowgirls.com\/de\/wp-json\/wp\/v2\/pages\/1273\/revisions"}],"predecessor-version":[{"id":1331,"href":"https:\/\/alacharmshowgirls.com\/de\/wp-json\/wp\/v2\/pages\/1273\/revisions\/1331"}],"wp:attachment":[{"href":"https:\/\/alacharmshowgirls.com\/de\/wp-json\/wp\/v2\/media?parent=1273"}],"curies":[{"name":"wp","href":"https:\/\/api.w.org\/{rel}","templated":true}]}}