{"id":1196,"date":"2019-12-09T12:33:00","date_gmt":"2019-12-09T12:33:00","guid":{"rendered":"https:\/\/alacharmshowgirls.com\/?page_id=1196"},"modified":"2021-09-21T17:56:10","modified_gmt":"2021-09-21T17:56:10","slug":"club-2","status":"publish","type":"page","link":"https:\/\/alacharmshowgirls.com\/de\/club-2\/","title":{"rendered":"CLUB"},"content":{"rendered":"<p>Die ausgezeichnete geografische Lage sorgt f\u00fcr einen stetigen Kundenstrom. Ein exklusives Design und Interieur sowie das richtige Arbeitskonzept helfen den Kunden, immer wieder zur\u00fcckzukehren. Hamburg ist ein touristischer Magnet und als Zwei-Millionen-Stadt mit ihrer ber\u00fchmten REEPERBAHN haben wir einen stetigen Kundenstrom, mit dem unsere T\u00e4nzerinnen vor allem mit Private Dances gutes Geld verdienen k\u00f6nnen.<\/p>\n<p>\u25cf 80 Sitzpl\u00e4tze<br \/>\n\u25cf 4 VIP Lounges<br \/>\n\u25cf 3 Privat Dance Kabinen<br \/>\n\u25cf \u00d6ffnungszeiten: Mo-Di-Mi-Do-Fr-Sa-So \u2606 von 21.00 bis 4.00 Uhr<\/p>\n<p>&nbsp;<\/p>\n","protected":false},"excerpt":{"rendered":"","protected":false},"author":1,"featured_media":0,"parent":0,"menu_order":0,"comment_status":"closed","ping_status":"closed","template":"","meta":[],"translation":{"provider":"WPGlobus","version":"2.8.2","language":"de","enabled_languages":["en","de"],"languages":{"en":{"title":true,"content":true,"excerpt":false},"de":{"title":true,"content":true,"excerpt":false}}},"_links":{"self":[{"href":"https:\/\/alacharmshowgirls.com\/de\/wp-json\/wp\/v2\/pages\/1196"}],"collection":[{"href":"https:\/\/alacharmshowgirls.com\/de\/wp-json\/wp\/v2\/pages"}],"about":[{"href":"https:\/\/alacharmshowgirls.com\/de\/wp-json\/wp\/v2\/types\/page"}],"author":[{"embeddable":true,"href":"https:\/\/alacharmshowgirls.com\/de\/wp-json\/wp\/v2\/users\/1"}],"replies":[{"embeddable":true,"href":"https:\/\/alacharmshowgirls.com\/de\/wp-json\/wp\/v2\/comments?post=1196"}],"version-history":[{"count":20,"href":"https:\/\/alacharmshowgirls.com\/de\/wp-json\/wp\/v2\/pages\/1196\/revisions"}],"predecessor-version":[{"id":1344,"href":"https:\/\/alacharmshowgirls.com\/de\/wp-json\/wp\/v2\/pages\/1196\/revisions\/1344"}],"wp:attachment":[{"href":"https:\/\/alacharmshowgirls.com\/de\/wp-json\/wp\/v2\/media?parent=1196"}],"curies":[{"name":"wp","href":"https:\/\/api.w.org\/{rel}","templated":true}]}}