{"id":1189,"date":"2019-12-09T12:29:01","date_gmt":"2019-12-09T12:29:01","guid":{"rendered":"https:\/\/alacharmshowgirls.com\/?page_id=1189"},"modified":"2021-09-22T16:38:48","modified_gmt":"2021-09-22T16:38:48","slug":"dress-code","status":"publish","type":"page","link":"https:\/\/alacharmshowgirls.com\/de\/dress-code\/","title":{"rendered":"KLEIDERORDNUNG"},"content":{"rendered":"<p>ERSCHEINUNGSBILD\u2013 gepflegter K\u00f6rper, Haare, N\u00e4gel (Manik\u00fcre, Pedik\u00fcre), gescheite Schminke.<\/p>\n<p>KLEIDERORDNUNG \u2013 ungef\u00e4hr 3 verschiedene Kost\u00fcme (Wechsel pro Nacht) f\u00fcr die B\u00fchnenshows, ungef\u00e4hr 2-3 Cocktail Kleider (Club bevorzugt kurze Kleider, jedoch sind lange, sexy Kleider auch OK) oder Kost\u00fcme f\u00fcr die Unterhaltung mit Kunden, 2-3 Paar Schuhe und 2-3 Kost\u00fcme f\u00fcr die Private und Table Dances. Das war das Minimum, falls eine T\u00e4nzerin eine gr\u00f6\u00dfere, professionelle Garderobe hat, w\u00e4re es perfekt.<\/p>\n","protected":false},"excerpt":{"rendered":"","protected":false},"author":1,"featured_media":0,"parent":0,"menu_order":0,"comment_status":"closed","ping_status":"closed","template":"","meta":[],"translation":{"provider":"WPGlobus","version":"2.8.2","language":"de","enabled_languages":["en","de"],"languages":{"en":{"title":true,"content":true,"excerpt":false},"de":{"title":true,"content":true,"excerpt":false}}},"_links":{"self":[{"href":"https:\/\/alacharmshowgirls.com\/de\/wp-json\/wp\/v2\/pages\/1189"}],"collection":[{"href":"https:\/\/alacharmshowgirls.com\/de\/wp-json\/wp\/v2\/pages"}],"about":[{"href":"https:\/\/alacharmshowgirls.com\/de\/wp-json\/wp\/v2\/types\/page"}],"author":[{"embeddable":true,"href":"https:\/\/alacharmshowgirls.com\/de\/wp-json\/wp\/v2\/users\/1"}],"replies":[{"embeddable":true,"href":"https:\/\/alacharmshowgirls.com\/de\/wp-json\/wp\/v2\/comments?post=1189"}],"version-history":[{"count":6,"href":"https:\/\/alacharmshowgirls.com\/de\/wp-json\/wp\/v2\/pages\/1189\/revisions"}],"predecessor-version":[{"id":1359,"href":"https:\/\/alacharmshowgirls.com\/de\/wp-json\/wp\/v2\/pages\/1189\/revisions\/1359"}],"wp:attachment":[{"href":"https:\/\/alacharmshowgirls.com\/de\/wp-json\/wp\/v2\/media?parent=1189"}],"curies":[{"name":"wp","href":"https:\/\/api.w.org\/{rel}","templated":true}]}}