{"id":1179,"date":"2019-12-09T12:21:57","date_gmt":"2019-12-09T12:21:57","guid":{"rendered":"https:\/\/alacharmshowgirls.com\/?page_id=1179"},"modified":"2019-12-28T14:35:36","modified_gmt":"2019-12-28T14:35:36","slug":"shower-show","status":"publish","type":"page","link":"https:\/\/alacharmshowgirls.com\/de\/shower-show\/","title":{"rendered":"DUSCH-SHOW"},"content":{"rendered":"<p>Alle T\u00e4nzerinnen nehmen an der speziellen Dusch-Show teil, ohne Ausnahme. Die Dusch-Show ist die wichtigste Attraktion des Clubs, die alle 45 Minuten gezeigt wird. Im Laufe des Abends tanzen alle T\u00e4nzerinnen die Dusch-Show der Reihe nach. Es ist eine eher einfach auszuf\u00fchrende daf\u00fcr aber eine sehr sch\u00f6ne und erotische Show von etwa 7 Minuten Dauer. Dusch Shows beziehen sich eher auf elegante Erotik, und niemals auf vulg\u00e4re Pornographie. Sie dient haupts\u00e4chlich dazu, die Kunden zu einem Private Dance zu verf\u00fchren.<\/p>\n<p><img loading=\"lazy\" class=\" wp-image-1253 aligncenter\" src=\"https:\/\/alacharmshowgirls.com\/wp-content\/uploads\/2019\/12\/shower-show-300x135.jpg\" alt=\"\" width=\"351\" height=\"158\" srcset=\"https:\/\/alacharmshowgirls.com\/wp-content\/uploads\/2019\/12\/shower-show-300x135.jpg 300w, https:\/\/alacharmshowgirls.com\/wp-content\/uploads\/2019\/12\/shower-show-440x197.jpg 440w, https:\/\/alacharmshowgirls.com\/wp-content\/uploads\/2019\/12\/shower-show-500x224.jpg 500w, https:\/\/alacharmshowgirls.com\/wp-content\/uploads\/2019\/12\/shower-show-512x230.jpg 512w, https:\/\/alacharmshowgirls.com\/wp-content\/uploads\/2019\/12\/shower-show.jpg 600w\" sizes=\"(max-width: 351px) 100vw, 351px\" \/><\/p>\n<p>Wichtig: <u>die T\u00e4nzerinnen sind nicht verpflichtet, die Dusch Show zusammen mit einem m\u00e4nnlichen T\u00e4nzer oder Gast durchzuf\u00fchren, wir unterst\u00fctzen es aber ausdr\u00fccklich, wenn sie es tun. <\/u><\/p>\n<p><b>Bitte beachten: weigert sich die T\u00e4nzerin an der Dusch-Show ohne Gast teil zu nehmen, so beh\u00e4lt sich der Club das Recht die Fix Bezahlung um 50 % zu reduzieren oder die T\u00e4nzerin sofort zu k\u00fcndigen. \u00a0<\/b><\/p>\n<p><img loading=\"lazy\" class=\"aligncenter wp-image-1252\" src=\"https:\/\/alacharmshowgirls.com\/wp-content\/uploads\/2019\/12\/A_La_Charm-1892-300x200.jpg\" alt=\"\" width=\"350\" height=\"233\" srcset=\"https:\/\/alacharmshowgirls.com\/wp-content\/uploads\/2019\/12\/A_La_Charm-1892-300x200.jpg 300w, https:\/\/alacharmshowgirls.com\/wp-content\/uploads\/2019\/12\/A_La_Charm-1892-768x512.jpg 768w, https:\/\/alacharmshowgirls.com\/wp-content\/uploads\/2019\/12\/A_La_Charm-1892-1024x683.jpg 1024w, https:\/\/alacharmshowgirls.com\/wp-content\/uploads\/2019\/12\/A_La_Charm-1892-440x293.jpg 440w, https:\/\/alacharmshowgirls.com\/wp-content\/uploads\/2019\/12\/A_La_Charm-1892-500x333.jpg 500w, https:\/\/alacharmshowgirls.com\/wp-content\/uploads\/2019\/12\/A_La_Charm-1892-800x533.jpg 800w, https:\/\/alacharmshowgirls.com\/wp-content\/uploads\/2019\/12\/A_La_Charm-1892-512x341.jpg 512w\" sizes=\"(max-width: 350px) 100vw, 350px\" \/><\/p>\n","protected":false},"excerpt":{"rendered":"","protected":false},"author":1,"featured_media":0,"parent":0,"menu_order":0,"comment_status":"closed","ping_status":"closed","template":"","meta":[],"translation":{"provider":"WPGlobus","version":"2.8.2","language":"de","enabled_languages":["en","de"],"languages":{"en":{"title":true,"content":true,"excerpt":false},"de":{"title":true,"content":true,"excerpt":false}}},"_links":{"self":[{"href":"https:\/\/alacharmshowgirls.com\/de\/wp-json\/wp\/v2\/pages\/1179"}],"collection":[{"href":"https:\/\/alacharmshowgirls.com\/de\/wp-json\/wp\/v2\/pages"}],"about":[{"href":"https:\/\/alacharmshowgirls.com\/de\/wp-json\/wp\/v2\/types\/page"}],"author":[{"embeddable":true,"href":"https:\/\/alacharmshowgirls.com\/de\/wp-json\/wp\/v2\/users\/1"}],"replies":[{"embeddable":true,"href":"https:\/\/alacharmshowgirls.com\/de\/wp-json\/wp\/v2\/comments?post=1179"}],"version-history":[{"count":12,"href":"https:\/\/alacharmshowgirls.com\/de\/wp-json\/wp\/v2\/pages\/1179\/revisions"}],"predecessor-version":[{"id":1257,"href":"https:\/\/alacharmshowgirls.com\/de\/wp-json\/wp\/v2\/pages\/1179\/revisions\/1257"}],"wp:attachment":[{"href":"https:\/\/alacharmshowgirls.com\/de\/wp-json\/wp\/v2\/media?parent=1179"}],"curies":[{"name":"wp","href":"https:\/\/api.w.org\/{rel}","templated":true}]}}