{"id":1113,"date":"2019-12-02T19:57:10","date_gmt":"2019-12-02T19:57:10","guid":{"rendered":"https:\/\/alacharmshowgirls.com\/?page_id=1113"},"modified":"2021-09-21T18:14:58","modified_gmt":"2021-09-21T18:14:58","slug":"services","status":"publish","type":"page","link":"https:\/\/alacharmshowgirls.com\/de\/services\/","title":{"rendered":"SHOWS"},"content":{"rendered":"<p><img loading=\"lazy\" class=\"aligncenter wp-image-1211 size-large\" src=\"https:\/\/alacharmshowgirls.com\/wp-content\/uploads\/2019\/12\/A_la_Charm-1182-683x1024.jpg\" alt=\"\" width=\"683\" height=\"1024\" srcset=\"https:\/\/alacharmshowgirls.com\/wp-content\/uploads\/2019\/12\/A_la_Charm-1182-683x1024.jpg 683w, https:\/\/alacharmshowgirls.com\/wp-content\/uploads\/2019\/12\/A_la_Charm-1182-200x300.jpg 200w, https:\/\/alacharmshowgirls.com\/wp-content\/uploads\/2019\/12\/A_la_Charm-1182-768x1152.jpg 768w, https:\/\/alacharmshowgirls.com\/wp-content\/uploads\/2019\/12\/A_la_Charm-1182-440x660.jpg 440w, https:\/\/alacharmshowgirls.com\/wp-content\/uploads\/2019\/12\/A_la_Charm-1182-500x750.jpg 500w, https:\/\/alacharmshowgirls.com\/wp-content\/uploads\/2019\/12\/A_la_Charm-1182-800x1200.jpg 800w, https:\/\/alacharmshowgirls.com\/wp-content\/uploads\/2019\/12\/A_la_Charm-1182-512x768.jpg 512w\" sizes=\"(max-width: 683px) 100vw, 683px\" \/><\/p>\n<p>\u25cf Die B\u00fchnenshows werden von allen T\u00e4nzerinnen abwechselnd getanzt.<br \/>\n\u25cf W\u00e4hrend der Show jede T\u00e4nzerin performt 3 Lieder (jedes 5 Min lang)<br \/>\n\u25cf 2 von den Liedern werden topless auf der B\u00fchne getanzt<br \/>\n\u25cf Das 3. Lied wird als DUSCH-SHOW pr\u00e4sentiert. Ihre Dauer ist 5 Min und sie wird in der Dusche getanzt: es erfrischt und hilft, Privat Dances zu verkaufen<br \/>\n\u25cf Nach dem Auftritt hat die T\u00e4nzerin 10 Min Pause<br \/>\n\u25cf Die restliche Zeit verbringen alle T\u00e4nzerinnen im Saal<br \/>\n\u25cf \u00dcblicherweise sind es 4-5 Auftritte pro Nacht<br \/>\n\u25cf W\u00e4hrend der Woche wir engagieren 4-5 T\u00e4nzerinnen, am Wochenende sind es etwa 7-10<br \/>\n\u25cf Das wichtigste bei den Auftritten ist die zuversichtliche und sexy Wirkung, fortgeschrittene Fertigkeiten an der Stange spielen dabei keine gro\u00dfe Rolle.<\/p>\n<p>Die Show ist so ausgerichtet, m\u00f6glichst viele Kunden in die TIP$-Zone zu locken, die um die B\u00fchne herum eingerichtet ist. Diese Zone d\u00fcrfen die Kunden nur mit den speziellen TIP$-Dollarscheinen betreten, die obligatorisch am Eingang gekauft werden. Damit hat jeder Kunde etwas f\u00fcr die T\u00e4nzerinnen und darf schon mal in die TIP$-Zone, um mit den T\u00e4nzerinnen \u201ezu spielen\u201c.<\/p>\n","protected":false},"excerpt":{"rendered":"","protected":false},"author":1,"featured_media":0,"parent":0,"menu_order":0,"comment_status":"closed","ping_status":"closed","template":"","meta":[],"translation":{"provider":"WPGlobus","version":"2.8.2","language":"de","enabled_languages":["en","de"],"languages":{"en":{"title":true,"content":true,"excerpt":false},"de":{"title":true,"content":true,"excerpt":false}}},"_links":{"self":[{"href":"https:\/\/alacharmshowgirls.com\/de\/wp-json\/wp\/v2\/pages\/1113"}],"collection":[{"href":"https:\/\/alacharmshowgirls.com\/de\/wp-json\/wp\/v2\/pages"}],"about":[{"href":"https:\/\/alacharmshowgirls.com\/de\/wp-json\/wp\/v2\/types\/page"}],"author":[{"embeddable":true,"href":"https:\/\/alacharmshowgirls.com\/de\/wp-json\/wp\/v2\/users\/1"}],"replies":[{"embeddable":true,"href":"https:\/\/alacharmshowgirls.com\/de\/wp-json\/wp\/v2\/comments?post=1113"}],"version-history":[{"count":14,"href":"https:\/\/alacharmshowgirls.com\/de\/wp-json\/wp\/v2\/pages\/1113\/revisions"}],"predecessor-version":[{"id":1347,"href":"https:\/\/alacharmshowgirls.com\/de\/wp-json\/wp\/v2\/pages\/1113\/revisions\/1347"}],"wp:attachment":[{"href":"https:\/\/alacharmshowgirls.com\/de\/wp-json\/wp\/v2\/media?parent=1113"}],"curies":[{"name":"wp","href":"https:\/\/api.w.org\/{rel}","templated":true}]}}