{"id":1111,"date":"2019-12-02T19:56:35","date_gmt":"2019-12-02T19:56:35","guid":{"rendered":"https:\/\/alacharmshowgirls.com\/?page_id=1111"},"modified":"2021-09-22T16:43:31","modified_gmt":"2021-09-22T16:43:31","slug":"conditions","status":"publish","type":"page","link":"https:\/\/alacharmshowgirls.com\/de\/conditions\/","title":{"rendered":"VERTRAG"},"content":{"rendered":"<p lang=\"en-US\"><u><b>DIE WICHTIGSTEN BEDIENGUNGEN:<\/b><\/u><\/p>\n<p lang=\"en-US\">\u25cf Wir engagieren nur B\u00fcrgerinnen der Europ\u00e4ischen Union<br \/>\n\u25cf Der Erstvertrag ist ab 4 Tagen bis 2 Wochen m\u00f6glich<br \/>\n\u25cf Wir garantieren Arbeitsbedingungen nach allen deutschen Gesetzen<br \/>\n\u25cf Wir werden unsererseits alles f\u00fcr eine erfolgreiche Zusammenarbeit tun und uns bem\u00fchen, auftretende strittige Fragen professionell und zum beiderseitigen Vorteil zu l\u00f6sen.<\/p>\n<p><u>M\u00d6GLICHE GR\u00dcNDE F\u00dcR DIE K\u00dcNDIGUNG:<\/u><\/p>\n<p>Falls eine T\u00e4nzerin gegen die Konditionen, Regeln oder Vorschriften bewusst verst\u00f6\u00dft, ist der Club berechtigt den Vertrag sofort aufzul\u00f6sen. Im folgendem einige Beispiele bez\u00fcglich der unerf\u00fcllten Anforderungen, die als Fehler verstanden werden (nicht die vollst\u00e4ndige Liste):<\/p>\n<p>&#8211; W\u00e4hrend des Tanzens muss gel\u00e4chelt werden<\/p>\n<p>&#8211;\u00a0T\u00e4nzerin muss unzufriedene Ausdr\u00fccke und traurige Gesichter in Gegenwart der G\u00e4ste vermeiden.<\/p>\n<p>&#8211;\u00a0T\u00e4nzerin darf nicht keine B\u00fchnenshow oder Duschshow auslassen.<\/p>\n<p>&#8211;\u00a0Tanzf\u00e4higkeiten, Figur (Fitness Kondition) und Motivation m\u00fcssen gut genug sein um die Shows mit den Anspr\u00fcchen des Club Standards zu gew\u00e4hrleisten.<\/p>\n<p>&#8211;\u00a0T\u00e4nzerin sollte so wenig Zeit wie m\u00f6glich alleine verbringen und m\u00f6glichst die meiste Zeit mit G\u00e4sten verbringen.<\/p>\n<p>&#8211;\u00a0T\u00e4nzerin muss rassistische oder k\u00f6rperlich Abneigung vermeiden und somit jedem Gast den geb\u00fcrtigen Respekt erweisen, ohne R\u00fccksicht auf die Finanzielle Situation des Gastes.<\/p>\n","protected":false},"excerpt":{"rendered":"","protected":false},"author":1,"featured_media":0,"parent":0,"menu_order":0,"comment_status":"closed","ping_status":"closed","template":"","meta":[],"translation":{"provider":"WPGlobus","version":"2.8.2","language":"de","enabled_languages":["en","de"],"languages":{"en":{"title":true,"content":true,"excerpt":false},"de":{"title":true,"content":true,"excerpt":false}}},"_links":{"self":[{"href":"https:\/\/alacharmshowgirls.com\/de\/wp-json\/wp\/v2\/pages\/1111"}],"collection":[{"href":"https:\/\/alacharmshowgirls.com\/de\/wp-json\/wp\/v2\/pages"}],"about":[{"href":"https:\/\/alacharmshowgirls.com\/de\/wp-json\/wp\/v2\/types\/page"}],"author":[{"embeddable":true,"href":"https:\/\/alacharmshowgirls.com\/de\/wp-json\/wp\/v2\/users\/1"}],"replies":[{"embeddable":true,"href":"https:\/\/alacharmshowgirls.com\/de\/wp-json\/wp\/v2\/comments?post=1111"}],"version-history":[{"count":23,"href":"https:\/\/alacharmshowgirls.com\/de\/wp-json\/wp\/v2\/pages\/1111\/revisions"}],"predecessor-version":[{"id":1361,"href":"https:\/\/alacharmshowgirls.com\/de\/wp-json\/wp\/v2\/pages\/1111\/revisions\/1361"}],"wp:attachment":[{"href":"https:\/\/alacharmshowgirls.com\/de\/wp-json\/wp\/v2\/media?parent=1111"}],"curies":[{"name":"wp","href":"https:\/\/api.w.org\/{rel}","templated":true}]}}