{"id":1109,"date":"2019-12-02T19:56:15","date_gmt":"2019-12-02T19:56:15","guid":{"rendered":"https:\/\/alacharmshowgirls.com\/?page_id=1109"},"modified":"2021-09-22T16:46:42","modified_gmt":"2021-09-22T16:46:42","slug":"expectations","status":"publish","type":"page","link":"https:\/\/alacharmshowgirls.com\/de\/expectations\/","title":{"rendered":"ERWARTUNGEN"},"content":{"rendered":"<p><img loading=\"lazy\" class=\"aligncenter wp-image-259 size-full\" src=\"https:\/\/alacharmshowgirls.com\/wp-content\/uploads\/2019\/07\/private_home.jpg\" alt=\"\" width=\"400\" height=\"351\" srcset=\"https:\/\/alacharmshowgirls.com\/wp-content\/uploads\/2019\/07\/private_home.jpg 400w, https:\/\/alacharmshowgirls.com\/wp-content\/uploads\/2019\/07\/private_home-300x263.jpg 300w, https:\/\/alacharmshowgirls.com\/wp-content\/uploads\/2019\/07\/private_home-382x335.jpg 382w\" sizes=\"(max-width: 400px) 100vw, 400px\" \/><\/p>\n<p><u>Du bist bei uns richtig wenn die folgenden Beschreibungen auf dich zutreffen:<\/u><\/p>\n<ul>\n<li><i>Du bist eine h\u00f6fliche positive Person, die auch ihr \u00c4u\u00dferes ernsthaft pflegt<\/i><\/li>\n<li><i>Du bist eine begeisterte T\u00e4nzerin<\/i><\/li>\n<li><i>Du bist kommunikativ und unterh\u00e4ltst dich gern mit Kunden und wei\u00dft, sie und dich selbst bei guter Laune zu halten; du wei\u00dft ihr Interesse zu wecken, aber auch daran denkst, mehr zu verkaufen, denn es lohnt sich<\/i><\/li>\n<li><i>Du hast Humor und kannst professionell damit umgehen, wenn sich der Kunde weigert, mit dir zu kommunizieren, es kann immer wieder passieren<\/i><\/li>\n<li><i>Du m\u00f6chtest richtig gut Geld verdienen und die daf\u00fcr vorhandenen Gelegenheiten im Club voll ausnutzen<\/i><\/li>\n<\/ul>\n<p>In einigen L\u00e4ndern sind die T\u00e4nzerinnen gew\u00f6hnt, dass die Services und Getr\u00e4nke durch das Management verkauft oder direkt von Kunden bestellt werden. Bei uns ist es nicht der Fall und wir bitten die T\u00e4nzerinnen von Bewerbungen abzusehen, wenn es f\u00fcr sie die einzige akzeptable Arbeitsweise ist. In unserem Club bist du zu 35 % T\u00e4nzerin und zu 65 % eine aktive Verk\u00e4uferin, deshalb ist es f\u00fcr die M\u00e4dels schwieriger Geld zu verdienen, die nur bequem sind und nicht verkaufen k\u00f6nnen. Wenn du allerdings wei\u00dft, mit Kunden umzugehen, k\u00f6nntest du bei uns <span style=\"color: #ff0000;\"><span style=\"color: #ff0000; background-color: #ffffff;\">richtig gutes Geld<\/span><\/span><b>\u00a0machen<\/b>.<\/p>\n","protected":false},"excerpt":{"rendered":"","protected":false},"author":1,"featured_media":0,"parent":0,"menu_order":0,"comment_status":"closed","ping_status":"closed","template":"","meta":[],"translation":{"provider":"WPGlobus","version":"2.8.2","language":"de","enabled_languages":["en","de"],"languages":{"en":{"title":true,"content":true,"excerpt":false},"de":{"title":true,"content":true,"excerpt":false}}},"_links":{"self":[{"href":"https:\/\/alacharmshowgirls.com\/de\/wp-json\/wp\/v2\/pages\/1109"}],"collection":[{"href":"https:\/\/alacharmshowgirls.com\/de\/wp-json\/wp\/v2\/pages"}],"about":[{"href":"https:\/\/alacharmshowgirls.com\/de\/wp-json\/wp\/v2\/types\/page"}],"author":[{"embeddable":true,"href":"https:\/\/alacharmshowgirls.com\/de\/wp-json\/wp\/v2\/users\/1"}],"replies":[{"embeddable":true,"href":"https:\/\/alacharmshowgirls.com\/de\/wp-json\/wp\/v2\/comments?post=1109"}],"version-history":[{"count":23,"href":"https:\/\/alacharmshowgirls.com\/de\/wp-json\/wp\/v2\/pages\/1109\/revisions"}],"predecessor-version":[{"id":1362,"href":"https:\/\/alacharmshowgirls.com\/de\/wp-json\/wp\/v2\/pages\/1109\/revisions\/1362"}],"wp:attachment":[{"href":"https:\/\/alacharmshowgirls.com\/de\/wp-json\/wp\/v2\/media?parent=1109"}],"curies":[{"name":"wp","href":"https:\/\/api.w.org\/{rel}","templated":true}]}}