{"id":1107,"date":"2019-12-02T19:51:48","date_gmt":"2019-12-02T19:51:48","guid":{"rendered":"https:\/\/alacharmshowgirls.com\/?page_id=1107"},"modified":"2021-09-22T21:12:42","modified_gmt":"2021-09-22T21:12:42","slug":"working-times","status":"publish","type":"page","link":"https:\/\/alacharmshowgirls.com\/de\/working-times\/","title":{"rendered":"BEI DER ARBEIT"},"content":{"rendered":"<p>\u25cf T\u00e4nzerinnen m\u00fcssen sp\u00e4testens 25 Min vor Arbeitsbeginn im Club sein<\/p>\n<p>\u25cf Die \u201eschlechte Stimmung\u201c wird drau\u00dfen gelassen und im Club strahlen die T\u00e4nzerinnen und l\u00e4cheln st\u00e4ndig<\/p>\n<p>\u25cf Bitte nicht vergessen, am Arbeitsbeginn und am Schlu\u00df im Komputer ein- bzw. auszuchecken<\/p>\n<p>\u25cf Beim Tanzen:<\/p>\n<p>\u2015 \u00a0Es ist sehr wichtig, wie elegant und erotisch du auf der B\u00fchne aussiehst, die akrobatischen Elemente an der Stande sind eher zweitrangig, denn es geht vor allem um die visuelle Kontaktaufnahme mit den G\u00e4sten, um ihnen weitere Dienste wie PRIVATE DANCE zu verkaufen<\/p>\n<p>\u2015 \u00a0Die Hauptpointe unseres Programms ist die DUSCH-SHOW. Ihre wichtigste Aufgabe ist, die Fantasie des Kunden zu wecken und daf\u00fcr reicht es, sich erotisch in der Dusche zu bewegen. Erfahrungsgem\u00e4\u00df f\u00f6rdert eine gute Performance in der Dusche besonders stark den Verkauf von PRIVATE DANCES \u2013 ein starkes Argument!<\/p>\n<p>\u2015 \u00a0Nach dem Ende des Sets aus 3 Liedern hat die T\u00e4nzerin eine 10-min\u00fctige Pause, um sich zu entspannen.<\/p>\n<p>\u25cf Der Verkauf im Saal macht den wichtigsten Teil der Arbeit aus, denn das meiste Geld kann genau hier beim unmittelbaren Kontakt mit den G\u00e4sten verdient werden. Dazu geh\u00f6ren:<\/p>\n<p>\u2015 Der Verkauf von Getr\u00e4nken: in unserem Club sind die T\u00e4nzerinnen sowohl Manager als auch Kellnerinnen, denn es hilft ihnen, den lockeren Kontakt mit den G\u00e4sten herzustellen und nebenbei auch die eigene Gesellschaft oder den Private Dance zu verkaufen<\/p>\n<p>\u2015 Der Verkauf von PRIVATE DANCE oder TABLE DANCE<\/p>\n<p>\u2015 Champagner in der VIP LOUNGE<\/p>\n<p>\u2015 Der Verkauf von extra SHOWS auf der gro\u00dfen B\u00fchne<\/p>\n<p>\u25cf Die besten F\u00f6rderer des Verkaufs sind: ein erotischer Tanz, ein ansteckendes L\u00e4cheln, die F\u00e4higkeit locker in Kontakt zu kommen und zu gefallen &#8211; kuzr gesagt, der Verkaufstalent<\/p>\n<p>\u25cf An Arbeitsende ist es wichtig, die Umkleidekabine in einem ordentlichen Zustand zu hinterlassen und den M\u00fcll oder die Essensreste herauszubringen<\/p>\n","protected":false},"excerpt":{"rendered":"","protected":false},"author":1,"featured_media":0,"parent":0,"menu_order":0,"comment_status":"closed","ping_status":"closed","template":"","meta":[],"translation":{"provider":"WPGlobus","version":"2.8.2","language":"de","enabled_languages":["en","de"],"languages":{"en":{"title":true,"content":true,"excerpt":false},"de":{"title":true,"content":true,"excerpt":false}}},"_links":{"self":[{"href":"https:\/\/alacharmshowgirls.com\/de\/wp-json\/wp\/v2\/pages\/1107"}],"collection":[{"href":"https:\/\/alacharmshowgirls.com\/de\/wp-json\/wp\/v2\/pages"}],"about":[{"href":"https:\/\/alacharmshowgirls.com\/de\/wp-json\/wp\/v2\/types\/page"}],"author":[{"embeddable":true,"href":"https:\/\/alacharmshowgirls.com\/de\/wp-json\/wp\/v2\/users\/1"}],"replies":[{"embeddable":true,"href":"https:\/\/alacharmshowgirls.com\/de\/wp-json\/wp\/v2\/comments?post=1107"}],"version-history":[{"count":20,"href":"https:\/\/alacharmshowgirls.com\/de\/wp-json\/wp\/v2\/pages\/1107\/revisions"}],"predecessor-version":[{"id":1381,"href":"https:\/\/alacharmshowgirls.com\/de\/wp-json\/wp\/v2\/pages\/1107\/revisions\/1381"}],"wp:attachment":[{"href":"https:\/\/alacharmshowgirls.com\/de\/wp-json\/wp\/v2\/media?parent=1107"}],"curies":[{"name":"wp","href":"https:\/\/api.w.org\/{rel}","templated":true}]}}