{"id":1103,"date":"2019-12-02T19:50:28","date_gmt":"2019-12-02T19:50:28","guid":{"rendered":"https:\/\/alacharmshowgirls.com\/?page_id=1103"},"modified":"2024-03-28T00:30:10","modified_gmt":"2024-03-28T00:30:10","slug":"accomodation","status":"publish","type":"page","link":"https:\/\/alacharmshowgirls.com\/de\/accomodation\/","title":{"rendered":"\u00dcBERNACHTUNG"},"content":{"rendered":"<p>\u25cf  Die \u00dcbernachtung kostet 25\u20ac pro Nacht<\/p>\n<p>\u25cf  Die \u00dcbernachtung ist nur an den Tagen m\u00f6glich, an denen die T\u00e4nzerin bei uns arbeitet &#8211; \u00fcblicherweise Mi-Do-Fr-Sa oder Freitag und Samstag. Danach ist es nicht m\u00f6glich, die Unterkunft zu benutzen.<\/p>\n<p>\u25cf  Die M\u00e4dels \u00fcbernachten in einem G\u00e4stezimmer, welches sich in den R\u00e4umlichkeiten des Clubs befindet. Es gibt Platz f\u00fcr maximal 2 Personen. Eine K\u00fcche gibt es nicht, die Dusche ist eine Treppe h\u00f6her, nicht direkt aus dem Zimmer betretbar.<\/p>\n<p>\u25cf  Es ist ein einfaches Zimmer wie in einem typischen Hostel<\/p>\n<p>\u25cf  Das Zimmer ist f\u00fcr die Erholung nach der Arbeit vorgesehen, damit keine Zeit f\u00fcr die Fahrt zu einem Hotel oder einem Appartment verloren wird. D.h. es ist m\u00f6glich, sich sofort nach der Arbeit auszuruhen.<\/p>\n<p>\u25cf  Die Ankunft (&#8222;check-in&#8220;) ist nicht vor 20:00 am Tag m\u00f6glich, an dem die T\u00e4nzerin anf\u00e4ngt, bei uns zu arbeiten. Check-out ist um 14-15 Uhr an allen Tagen, au\u00dfer am Sonntag um 6:30.<\/p>\n<p>\u25cf  Nach der Arbeit wird die Eingangst\u00fcr des Clubs bis 14:00 Uhr geschlossen. Es bedeutet, dass die T\u00e4nzerin bis 14:00 nicht das Geb\u00e4ude verlassen kann. Wir machen es aus Sicherheitsgr\u00fcnden, weil es Kunden gibt, die den Club auch nach 6 Uhr morgens zu betreten versuchen (wir befinden uns direkt auf der Party-meile!). Ab 14:00 Uhr wird die T\u00fcr aufgemacht und die T\u00e4nzerinnen haben die M\u00f6glichkeit, in die Stadt zu gehen.<\/p>\n","protected":false},"excerpt":{"rendered":"","protected":false},"author":1,"featured_media":0,"parent":0,"menu_order":0,"comment_status":"closed","ping_status":"closed","template":"","meta":[],"translation":{"provider":"WPGlobus","version":"2.8.2","language":"de","enabled_languages":["en","de"],"languages":{"en":{"title":true,"content":true,"excerpt":false},"de":{"title":true,"content":true,"excerpt":false}}},"_links":{"self":[{"href":"https:\/\/alacharmshowgirls.com\/de\/wp-json\/wp\/v2\/pages\/1103"}],"collection":[{"href":"https:\/\/alacharmshowgirls.com\/de\/wp-json\/wp\/v2\/pages"}],"about":[{"href":"https:\/\/alacharmshowgirls.com\/de\/wp-json\/wp\/v2\/types\/page"}],"author":[{"embeddable":true,"href":"https:\/\/alacharmshowgirls.com\/de\/wp-json\/wp\/v2\/users\/1"}],"replies":[{"embeddable":true,"href":"https:\/\/alacharmshowgirls.com\/de\/wp-json\/wp\/v2\/comments?post=1103"}],"version-history":[{"count":15,"href":"https:\/\/alacharmshowgirls.com\/de\/wp-json\/wp\/v2\/pages\/1103\/revisions"}],"predecessor-version":[{"id":1424,"href":"https:\/\/alacharmshowgirls.com\/de\/wp-json\/wp\/v2\/pages\/1103\/revisions\/1424"}],"wp:attachment":[{"href":"https:\/\/alacharmshowgirls.com\/de\/wp-json\/wp\/v2\/media?parent=1103"}],"curies":[{"name":"wp","href":"https:\/\/api.w.org\/{rel}","templated":true}]}}