{"id":1101,"date":"2019-12-02T19:50:08","date_gmt":"2019-12-02T19:50:08","guid":{"rendered":"https:\/\/alacharmshowgirls.com\/?page_id=1101"},"modified":"2020-01-21T11:03:37","modified_gmt":"2020-01-21T11:03:37","slug":"contact","status":"publish","type":"page","link":"https:\/\/alacharmshowgirls.com\/de\/contact\/","title":{"rendered":"KONTAKT"},"content":{"rendered":"<p>Wenn Sie bei uns arbeiten m\u00f6chten, freuen wir uns auf Ihre Kontaktaufnahme! F\u00fcr zus\u00e4tzliche Fragen k\u00f6nnen Sie gern das Feld &#8222;Ihre Nachricht an uns&#8220; ausf\u00fcllen, oder uns eine WhatsApp-Nachricht schicken (0049 176 311 87 322).<\/p>\n<p>Selbstst\u00e4ndige bitte ein anderes Kontaktformular ausf\u00fcllen, es ist hier zu finden:<\/p>\n<p><a href=\"https:\/\/alacharmshowgirls.com\/de\/selbststaendige\/\">KONTAKTFORMULAR F\u00dcR SELBSTST\u00c4NDIGE<\/a><\/p>\n<p>Im folgenden ist das KONTAKTFORMULAR F\u00dcR NICHTSELBSTST\u00c4NDIGE:<\/p>\n<div role=\"form\" class=\"wpcf7\" id=\"wpcf7-f1138-o1\" lang=\"de-DE\" dir=\"ltr\">\n<div class=\"screen-reader-response\"><p role=\"status\" aria-live=\"polite\" aria-atomic=\"true\"><\/p> <ul><\/ul><\/div>\n<form action=\"\/de\/wp-json\/wp\/v2\/pages\/1101#wpcf7-f1138-o1\" method=\"post\" class=\"wpcf7-form init\" novalidate=\"novalidate\" data-status=\"init\">\n<div style=\"display: none;\">\n<input type=\"hidden\" name=\"_wpcf7\" value=\"1138\" \/>\n<input type=\"hidden\" name=\"_wpcf7_version\" value=\"5.4.2\" \/>\n<input type=\"hidden\" name=\"_wpcf7_locale\" value=\"de_DE\" \/>\n<input type=\"hidden\" name=\"_wpcf7_unit_tag\" value=\"wpcf7-f1138-o1\" \/>\n<input type=\"hidden\" name=\"_wpcf7_container_post\" value=\"0\" \/>\n<input type=\"hidden\" name=\"_wpcf7_posted_data_hash\" value=\"\" \/>\n<\/div>\n<p><label> Vorname*<br \/>\n    <span class=\"wpcf7-form-control-wrap your-name1\"><input type=\"text\" name=\"your-name1\" value=\"\" size=\"40\" class=\"wpcf7-form-control wpcf7-text wpcf7-validates-as-required\" aria-required=\"true\" aria-invalid=\"false\" \/><\/span> <\/label><\/p>\n<p><label> Name*<br \/>\n    <span class=\"wpcf7-form-control-wrap your-name2\"><input type=\"text\" name=\"your-name2\" value=\"\" size=\"40\" class=\"wpcf7-form-control wpcf7-text wpcf7-validates-as-required\" aria-required=\"true\" aria-invalid=\"false\" \/><\/span> <\/label><\/p>\n<p><label> Stage name*<br \/>\n    <span class=\"wpcf7-form-control-wrap your-name3\"><input type=\"text\" name=\"your-name3\" value=\"\" size=\"40\" class=\"wpcf7-form-control wpcf7-text wpcf7-validates-as-required\" aria-required=\"true\" aria-invalid=\"false\" \/><\/span> <\/label><\/p>\n<p><label> Staatsangeh\u00f6rigkeit*<br \/>\n    <span class=\"wpcf7-form-control-wrap your-name4\"><input type=\"text\" name=\"your-name4\" value=\"\" size=\"40\" class=\"wpcf7-form-control wpcf7-text wpcf7-validates-as-required\" aria-required=\"true\" aria-invalid=\"false\" \/><\/span> <\/label><\/p>\n<p><label> Alter* (bitte Bewerbungen nur bis 30 Jahre alt)<br \/>\n    <span class=\"wpcf7-form-control-wrap number1\"><input type=\"number\" name=\"number1\" value=\"\" class=\"wpcf7-form-control wpcf7-number wpcf7-validates-as-required wpcf7-validates-as-number\" aria-required=\"true\" aria-invalid=\"false\" \/><\/span> <\/label><\/p>\n<p><label> Gr\u00f6\u00dfe*<br \/>\n    <span class=\"wpcf7-form-control-wrap number2\"><input type=\"number\" name=\"number2\" value=\"\" class=\"wpcf7-form-control wpcf7-number wpcf7-validates-as-required wpcf7-validates-as-number\" aria-required=\"true\" aria-invalid=\"false\" \/><\/span> <\/label><\/p>\n<p><label> Gewicht*<br \/>\n    <span class=\"wpcf7-form-control-wrap number3\"><input type=\"number\" name=\"number3\" value=\"\" class=\"wpcf7-form-control wpcf7-number wpcf7-validates-as-required wpcf7-validates-as-number\" aria-required=\"true\" aria-invalid=\"false\" \/><\/span> <\/label><\/p>\n<p><label> Arbeitserfahrung in Jahren*<br \/>\n    <span class=\"wpcf7-form-control-wrap number4\"><input type=\"number\" name=\"number4\" value=\"\" class=\"wpcf7-form-control wpcf7-number wpcf7-validates-as-required wpcf7-validates-as-number\" aria-required=\"true\" aria-invalid=\"false\" \/><\/span> <\/label><\/p>\n<p><label> Die letzten drei Clubs*<br \/>\n    <span class=\"wpcf7-form-control-wrap textarea\"><textarea name=\"textarea\" cols=\"40\" rows=\"10\" class=\"wpcf7-form-control wpcf7-textarea wpcf7-validates-as-required\" aria-required=\"true\" aria-invalid=\"false\"><\/textarea><\/span> <\/label><\/p>\n<p><label> Sprachkenntnisse Deutsch (gut\/mittel\/schlecht\/keine)*<br \/>\n    <span class=\"wpcf7-form-control-wrap your-name5\"><input type=\"text\" name=\"your-name5\" value=\"\" size=\"40\" class=\"wpcf7-form-control wpcf7-text wpcf7-validates-as-required\" aria-required=\"true\" aria-invalid=\"false\" \/><\/span> <\/label><\/p>\n<p><label> Sprachkenntnisse Englisch (gut\/mittel\/schlecht\/keine)*<br \/>\n    <span class=\"wpcf7-form-control-wrap your-name6\"><input type=\"text\" name=\"your-name6\" value=\"\" size=\"40\" class=\"wpcf7-form-control wpcf7-text wpcf7-validates-as-required\" aria-required=\"true\" aria-invalid=\"false\" \/><\/span> <\/label><\/p>\n<p><label> M\u00f6gliche Ankunft*<br \/>\n    <span class=\"wpcf7-form-control-wrap date1\"><input type=\"date\" name=\"date1\" value=\"\" class=\"wpcf7-form-control wpcf7-date wpcf7-validates-as-required wpcf7-validates-as-date\" aria-required=\"true\" aria-invalid=\"false\" \/><\/span> <\/label><\/p>\n<p><label> Gew\u00fcnschte Abreise*<br \/>\n    <span class=\"wpcf7-form-control-wrap date2\"><input type=\"date\" name=\"date2\" value=\"\" class=\"wpcf7-form-control wpcf7-date wpcf7-validates-as-required wpcf7-validates-as-date\" aria-required=\"true\" aria-invalid=\"false\" \/><\/span> <\/label><\/p>\n<p><label> E-Mail-Adresse*<br \/>\n    <span class=\"wpcf7-form-control-wrap your-email\"><input type=\"email\" name=\"your-email\" value=\"\" size=\"40\" class=\"wpcf7-form-control wpcf7-text wpcf7-email wpcf7-validates-as-required wpcf7-validates-as-email\" aria-required=\"true\" aria-invalid=\"false\" \/><\/span> <\/label><\/p>\n<p><label> Telefonnummer<br \/>\n    <span class=\"wpcf7-form-control-wrap Telefonnummer\"><input type=\"tel\" name=\"Telefonnummer\" value=\"\" size=\"40\" class=\"wpcf7-form-control wpcf7-text wpcf7-tel wpcf7-validates-as-tel\" aria-invalid=\"false\" \/><\/span> <\/label><\/p>\n<p><label> 2-3 aktuelle Fotos: nicht nackt, Bikini reicht, bitte ohne Photoshop und Effekte, in den richtigen Tanzschuhen*<br \/>\n<span class=\"wpcf7-form-control-wrap\" data-name=\"upload-file-743\"><input type=\"file\" size=\"40\" class=\"wpcf7-form-control wpcf7-drag-n-drop-file d-none\" aria-required=\"true\" aria-invalid=\"false\" multiple=\"multiple\" data-name=\"upload-file-743\" data-id=\"1138\" data-version=\"free version 1.3.9.7\" accept=\".\" \/><\/span>  <\/label><\/p>\n<p><label> Deine Nachricht an uns<br \/>\n    <span class=\"wpcf7-form-control-wrap your-message\"><textarea name=\"your-message\" cols=\"40\" rows=\"10\" class=\"wpcf7-form-control wpcf7-textarea\" aria-invalid=\"false\"><\/textarea><\/span> <\/label><\/p>\n<p><span class=\"wpcf7-form-control-wrap acceptance-471\"><span class=\"wpcf7-form-control wpcf7-acceptance\"><span class=\"wpcf7-list-item\"><label><input type=\"checkbox\" name=\"acceptance-471\" value=\"1\" aria-invalid=\"false\" \/><span class=\"wpcf7-list-item-label\">Mit den Regeln des Clubs bin ich einverstanden*<\/span><\/label><\/span><\/span><\/span><\/p>\n<p><input type=\"submit\" value=\"Senden\" class=\"wpcf7-form-control wpcf7-submit\" \/><\/p>\n<div class=\"wpcf7-response-output\" aria-hidden=\"true\"><\/div><\/form><\/div>\n","protected":false},"excerpt":{"rendered":"","protected":false},"author":1,"featured_media":0,"parent":0,"menu_order":0,"comment_status":"closed","ping_status":"closed","template":"","meta":[],"translation":{"provider":"WPGlobus","version":"2.8.2","language":"de","enabled_languages":["en","de"],"languages":{"en":{"title":true,"content":true,"excerpt":false},"de":{"title":true,"content":true,"excerpt":false}}},"_links":{"self":[{"href":"https:\/\/alacharmshowgirls.com\/de\/wp-json\/wp\/v2\/pages\/1101"}],"collection":[{"href":"https:\/\/alacharmshowgirls.com\/de\/wp-json\/wp\/v2\/pages"}],"about":[{"href":"https:\/\/alacharmshowgirls.com\/de\/wp-json\/wp\/v2\/types\/page"}],"author":[{"embeddable":true,"href":"https:\/\/alacharmshowgirls.com\/de\/wp-json\/wp\/v2\/users\/1"}],"replies":[{"embeddable":true,"href":"https:\/\/alacharmshowgirls.com\/de\/wp-json\/wp\/v2\/comments?post=1101"}],"version-history":[{"count":13,"href":"https:\/\/alacharmshowgirls.com\/de\/wp-json\/wp\/v2\/pages\/1101\/revisions"}],"predecessor-version":[{"id":1144,"href":"https:\/\/alacharmshowgirls.com\/de\/wp-json\/wp\/v2\/pages\/1101\/revisions\/1144"}],"wp:attachment":[{"href":"https:\/\/alacharmshowgirls.com\/de\/wp-json\/wp\/v2\/media?parent=1101"}],"curies":[{"name":"wp","href":"https:\/\/api.w.org\/{rel}","templated":true}]}}